{"id":2824,"date":"2022-02-14T12:12:13","date_gmt":"2022-02-14T11:12:13","guid":{"rendered":"https:\/\/vakoom.it\/politique-en-matiere-de-cookies\/"},"modified":"2025-12-10T12:25:52","modified_gmt":"2025-12-10T11:25:52","slug":"politique-en-matiere-de-cookies","status":"publish","type":"page","link":"https:\/\/vakoom.it\/fr\/politique-en-matiere-de-cookies\/","title":{"rendered":"Politique en mati\u00e9re de Cookies"},"content":{"rendered":"<div class=\"wpb-content-wrapper\"><p>[vc_row][vc_column][vc_column_text css=\u00a0\u00bb\u00a0\u00bb]Vakoom S.r.l. (ci-apr\u00e8s \u00ab Ecotrade \u00bb) publie l\u2019information conform\u00e9ment \u00e0 l\u2019art. 122 du Code de la confidentialit\u00e9 et \u00e0 l\u2019art. 13 du R\u00e8gl. UE 679\/2016 concernant l\u2019utilisation des cookies par le site vakoom.it. Il est rappel\u00e9 que le responsable du traitement est Vakoom S.r.l., dont le si\u00e8ge social est Via B. Marco Ongaro 11, 31015 &#8211; Conegliano (TV), Italie.<\/p>\n<p>Vakoom consid\u00e8re que la confidentialit\u00e9 de l\u2019utilisateur est tr\u00e8s importante ; par cons\u00e9quent, elle g\u00e8re toujours les donn\u00e9es collect\u00e9es conform\u00e9ment \u00e0 la <a href=\"https:\/\/vakoom.it\/fr\/politique-de-confidentialite\/\">Politique de confidentialit\u00e9<\/a> de Vakoom.<\/p>\n<p><strong>Que sont les cookies ?<\/strong><\/p>\n<p>Un cookie est une petite quantit\u00e9 de donn\u00e9es plac\u00e9e dans le navigateur de l\u2019ordinateur de l\u2019utilisateur ou sur son appareil mobile. Les cookies utilisent diff\u00e9rentes techniques pour enregistrer ou lire des donn\u00e9es depuis les appareils des utilisateurs, par exemple ordinateurs, portables, tablettes ou smartphones. Ils permettent ainsi d\u2019identifier l\u2019appareil de l\u2019utilisateur ou de m\u00e9moriser ses pr\u00e9f\u00e9rences. Les cookies les plus connus sont de petits fichiers (texte) d\u00e9pos\u00e9s sur les appareils afin de pouvoir \u00eatre identifi\u00e9s ult\u00e9rieurement. Vakoom utilise \u00e9galement d\u2019autres technologies de suivi comme le JavaScript, les balises web (tags) (petits blocs de code install\u00e9s sur une page web, une application ou une annonce publicitaire qui peuvent r\u00e9cup\u00e9rer certaines informations concernant l\u2019appareil ou le navigateur utilis\u00e9) ou le suivi des appareils bas\u00e9 sur l\u2019empreinte (\u00ab fingerprinting \u00bb), des identifiants mobiles et le suivi via URL. L\u2019ensemble de ces technologies est d\u00e9sign\u00e9 par le terme \u00ab cookies \u00bb dans la pr\u00e9sente politique en mati\u00e8re de cookies.<\/p>\n<p><strong>Combien de temps les cookies de Vakoom restent-ils actifs ?<\/strong><\/p>\n<p>La dur\u00e9e des cookies est d\u00e9termin\u00e9e par la date d\u2019expiration (ou par une action sp\u00e9cifique, comme la fermeture du navigateur) fix\u00e9e au moment de leur installation.<\/p>\n<p>Les cookies peuvent \u00eatre :<\/p>\n<ul>\n<li>Temporaires ou de session (session cookies) : utilis\u00e9s pour stocker des informations temporaires, ils permettent de relier les actions effectu\u00e9es au cours d\u2019une session sp\u00e9cifique et sont supprim\u00e9s de l\u2019ordinateur \u00e0 la fermeture du navigateur ;<\/li>\n<li>Permanents (persistent cookies) : utilis\u00e9s pour stocker des informations, par exemple le nom d\u2019utilisateur et le mot de passe, afin d\u2019\u00e9viter d\u2019avoir \u00e0 les saisir de nouveau \u00e0 chaque visite d\u2019un site sp\u00e9cifique. Ils restent enregistr\u00e9s sur l\u2019ordinateur m\u00eame apr\u00e8s la fermeture du navigateur.<\/li>\n<\/ul>\n<p><strong>Quels cookies Vakoom utilise-t-elle ?<\/strong><\/p>\n<p>Les cookies utilis\u00e9s par Vakoom ont des finalit\u00e9s diff\u00e9rentes, comme indiqu\u00e9 ci-dessous.<\/p>\n<ul>\n<li><strong>Cookies techniques\/fonctionnels<\/strong><\/li>\n<\/ul>\n<p>Les cookies techniques sont n\u00e9cessaires \u00e0 l\u2019utilisation du site en ligne de Vakoom. Ces cookies aident \u00e0 fournir les services selon les pr\u00e9f\u00e9rences de l\u2019utilisateur et \u00e0 am\u00e9liorer son exp\u00e9rience sur Vakoom. L\u2019un de ces cookies, par exemple, permet de maintenir la session de l\u2019utilisateur active sur le site. Ainsi, il n\u2019est pas n\u00e9cessaire de saisir les identifiants \u00e0 chaque changement de page.<\/p>\n<ul>\n<li><strong>Cookies tiers \u2013 Google Web Fonts<\/strong><\/li>\n<\/ul>\n<p>Pour l\u2019affichage des polices de texte, ce site utilise des web-fonts fournies par Google.<\/p>\n<p>Lorsque l\u2019utilisateur ouvre une page de ce site, son navigateur charge les polices n\u00e9cessaires dans le cache du navigateur ; cela permet l\u2019affichage correct des caract\u00e8res et des textes. Le navigateur de l\u2019utilisateur doit \u00e9tablir une connexion directe avec les serveurs de Google : de cette mani\u00e8re, Google sera inform\u00e9e du fait que le site de Vakoom a \u00e9t\u00e9 visit\u00e9 depuis l\u2019adresse IP de l\u2019utilisateur. L\u2019utilisation des web-fonts de Google est effectu\u00e9e dans l\u2019int\u00e9r\u00eat d\u2019une pr\u00e9sentation uniforme et attrayante des contenus du site.<\/p>\n<p>Si le navigateur de l\u2019utilisateur ne prend pas en charge les web-fonts, une police standard sera utilis\u00e9e pour l\u2019affichage des contenus.<\/p>\n<p>Pour plus d\u2019informations sur le traitement des donn\u00e9es relatif \u00e0 Google Fonts, consultez la page https:\/\/developers.google.com\/fonts\/faq et, pour le traitement des donn\u00e9es personnelles par Google, la page <a href=\"https:\/\/www.google.de\/intl\/de\/policies\/privacy\">https:\/\/www.google.de\/intl\/de\/policies\/privacy<\/a>.<\/p>\n<p>En utilisant ce site Web, vous consentez au traitement de vos donn\u00e9es par Google selon les modalit\u00e9s et aux fins indiqu\u00e9es dans sa politique de confidentialit\u00e9.<\/p>\n<p><strong>Obligation de consentement<\/strong><\/p>\n<p>Vakoom n\u2019est pas tenue de demander le consentement pr\u00e9alable de l\u2019utilisateur pour l\u2019utilisation des cookies techniques, ceux-ci \u00e9tant strictement n\u00e9cessaires \u00e0 la fourniture du service demand\u00e9 par l\u2019utilisateur sur le site.<\/p>\n<p><strong>Comment est-il possible de contr\u00f4ler l\u2019utilisation des cookies ?<\/strong><\/p>\n<p>L\u2019utilisateur peut g\u00e9rer les param\u00e8tres des cookies dans le navigateur qu\u2019il utilise. En g\u00e9n\u00e9ral, les navigateurs Internet sont configur\u00e9s pour accepter automatiquement les cookies. L\u2019utilisateur peut toutefois configurer son navigateur pour accepter tous les cookies, seulement certains, ou les d\u00e9sactiver.<\/p>\n<p>Voici les instructions fournies par les navigateurs sp\u00e9cifiques pour accepter, supprimer ou refuser les cookies :<\/p>\n<ul>\n<li>Chrome <a href=\"https:\/\/support.google.com\/chrome\/answer\/95647?hl=it-IT&amp;hlrm=fr&amp;hlrm=en\">https:\/\/support.google.com\/chrome\/answer\/95647?hl=it-IT&amp;hlrm=fr&amp;hlrm=en<\/a><\/li>\n<li>Safari <a href=\"http:\/\/support.apple.com\/kb\/PH19255\">http:\/\/support.apple.com\/kb\/PH19255<\/a><\/li>\n<li>Edge <a href=\"http:\/\/windows.microsoft.com\/it-it\/windows7\/block-enable-or-allow-cookies\">http:\/\/windows.microsoft.com\/it-it\/windows7\/block-enable-or-allow-cookies<\/a><\/li>\n<\/ul>\n<p>Vakoom signale toutefois que la d\u00e9sactivation des cookies techniques peut provoquer un dysfonctionnement du site et\/ou limiter les services fournis par celui-ci.<\/p>\n<p><strong>La Politique en mati\u00e8re de cookies peut-elle \u00eatre modifi\u00e9e ?<\/strong><\/p>\n<p>Vakoom peut modifier ou compl\u00e9ter la pr\u00e9sente Politique en mati\u00e8re de cookies. Vakoom s\u2019engage \u00e0 tenir \u00e0 jour les informations relatives aux cookies.<\/p>\n<p><strong>Contact<\/strong><\/p>\n<p>Pour toute question concernant la pr\u00e9sente \u00ab Politique en mati\u00e8re de cookies \u00bb et son utilisation au sein du Site, vous pouvez nous contacter par e-mail \u00e0 l\u2019adresse info@vakoom.it.[\/vc_column_text][\/vc_column][\/vc_row]<\/p>\n<\/div>","protected":false},"excerpt":{"rendered":"<p>[vc_row][vc_column][vc_column_text css=\u00a0\u00bb\u00a0\u00bb]Vakoom S.r.l. (ci-apr\u00e8s \u00ab Ecotrade \u00bb) publie l\u2019information conform\u00e9ment \u00e0 l\u2019art. 122 du Code de la confidentialit\u00e9 et \u00e0 l\u2019art. 13 du R\u00e8gl. UE 679\/2016 concernant l\u2019utilisation des cookies par le site vakoom.it. Il est rappel\u00e9 que le responsable du traitement est Vakoom S.r.l., dont le si\u00e8ge social est Via B. Marco Ongaro 11,&hellip;<\/p>\n","protected":false},"author":1,"featured_media":0,"parent":0,"menu_order":1000,"comment_status":"closed","ping_status":"closed","template":"","meta":{"_acf_changed":false,"footnotes":""},"class_list":["post-2824","page","type-page","status-publish","hentry","description-off"],"acf":[],"yoast_head":"<!-- This site is optimized with the Yoast SEO plugin v27.1.1 - https:\/\/yoast.com\/product\/yoast-seo-wordpress\/ -->\n<title>Politique en mati\u00e9re de Cookies | Vakoom<\/title>\n<meta name=\"robots\" content=\"noindex, nofollow\" \/>\n<meta property=\"og:locale\" content=\"fr_FR\" \/>\n<meta property=\"og:type\" content=\"article\" \/>\n<meta property=\"og:title\" content=\"Politique en mati\u00e9re de Cookies | Vakoom\" \/>\n<meta property=\"og:description\" content=\"[vc_row][vc_column][vc_column_text css=\u00a0\u00bb\u00a0\u00bb]Vakoom S.r.l. (ci-apr\u00e8s \u00ab Ecotrade \u00bb) publie l\u2019information conform\u00e9ment \u00e0 l\u2019art. 122 du Code de la confidentialit\u00e9 et \u00e0 l\u2019art. 13 du R\u00e8gl. UE 679\/2016 concernant l\u2019utilisation des cookies par le site vakoom.it. Il est rappel\u00e9 que le responsable du traitement est Vakoom S.r.l., dont le si\u00e8ge social est Via B. Marco Ongaro 11,&hellip;\" \/>\n<meta property=\"og:url\" content=\"https:\/\/vakoom.it\/fr\/politique-en-matiere-de-cookies\/\" \/>\n<meta property=\"og:site_name\" content=\"Vakoom\" \/>\n<meta property=\"article:modified_time\" content=\"2025-12-10T11:25:52+00:00\" \/>\n<meta property=\"og:image\" content=\"https:\/\/vakoom.it\/wp-content\/uploads\/seo-img.jpg\" \/>\n\t<meta property=\"og:image:width\" content=\"1200\" \/>\n\t<meta property=\"og:image:height\" content=\"673\" \/>\n\t<meta property=\"og:image:type\" content=\"image\/jpeg\" \/>\n<meta name=\"twitter:card\" content=\"summary_large_image\" \/>\n<script type=\"application\/ld+json\" class=\"yoast-schema-graph\">{\"@context\":\"https:\/\/schema.org\",\"@graph\":[{\"@type\":\"WebPage\",\"@id\":\"https:\/\/vakoom.it\/fr\/politique-en-matiere-de-cookies\/\",\"url\":\"https:\/\/vakoom.it\/fr\/politique-en-matiere-de-cookies\/\",\"name\":\"Politique en mati\u00e9re de Cookies | Vakoom\",\"isPartOf\":{\"@id\":\"https:\/\/vakoom.it\/fr\/#website\"},\"datePublished\":\"2022-02-14T11:12:13+00:00\",\"dateModified\":\"2025-12-10T11:25:52+00:00\",\"breadcrumb\":{\"@id\":\"https:\/\/vakoom.it\/fr\/politique-en-matiere-de-cookies\/#breadcrumb\"},\"inLanguage\":\"fr-FR\",\"potentialAction\":[{\"@type\":\"ReadAction\",\"target\":[\"https:\/\/vakoom.it\/fr\/politique-en-matiere-de-cookies\/\"]}]},{\"@type\":\"BreadcrumbList\",\"@id\":\"https:\/\/vakoom.it\/fr\/politique-en-matiere-de-cookies\/#breadcrumb\",\"itemListElement\":[{\"@type\":\"ListItem\",\"position\":1,\"name\":\"Homepage\",\"item\":\"https:\/\/vakoom.it\/fr\/\"},{\"@type\":\"ListItem\",\"position\":2,\"name\":\"Politique en mati\u00e9re de Cookies\"}]},{\"@type\":\"WebSite\",\"@id\":\"https:\/\/vakoom.it\/fr\/#website\",\"url\":\"https:\/\/vakoom.it\/fr\/\",\"name\":\"Vakoom\",\"description\":\"Clean Different\",\"publisher\":{\"@id\":\"https:\/\/vakoom.it\/fr\/#organization\"},\"alternateName\":\"Vakoom\",\"potentialAction\":[{\"@type\":\"SearchAction\",\"target\":{\"@type\":\"EntryPoint\",\"urlTemplate\":\"https:\/\/vakoom.it\/fr\/?s={search_term_string}\"},\"query-input\":{\"@type\":\"PropertyValueSpecification\",\"valueRequired\":true,\"valueName\":\"search_term_string\"}}],\"inLanguage\":\"fr-FR\"},{\"@type\":\"Organization\",\"@id\":\"https:\/\/vakoom.it\/fr\/#organization\",\"name\":\"Vakoom\",\"alternateName\":\"Vakoom\",\"url\":\"https:\/\/vakoom.it\/fr\/\",\"logo\":{\"@type\":\"ImageObject\",\"inLanguage\":\"fr-FR\",\"@id\":\"https:\/\/vakoom.it\/fr\/#\/schema\/logo\/image\/\",\"url\":\"https:\/\/vakoom.it\/wp-content\/uploads\/seo-thumb.jpg\",\"contentUrl\":\"https:\/\/vakoom.it\/wp-content\/uploads\/seo-thumb.jpg\",\"width\":696,\"height\":696,\"caption\":\"Vakoom\"},\"image\":{\"@id\":\"https:\/\/vakoom.it\/fr\/#\/schema\/logo\/image\/\"}}]}<\/script>\n<!-- \/ Yoast SEO plugin. -->","yoast_head_json":{"title":"Politique en mati\u00e9re de Cookies | Vakoom","robots":{"index":"noindex","follow":"nofollow"},"og_locale":"fr_FR","og_type":"article","og_title":"Politique en mati\u00e9re de Cookies | Vakoom","og_description":"[vc_row][vc_column][vc_column_text css=\u00a0\u00bb\u00a0\u00bb]Vakoom S.r.l. (ci-apr\u00e8s \u00ab Ecotrade \u00bb) publie l\u2019information conform\u00e9ment \u00e0 l\u2019art. 122 du Code de la confidentialit\u00e9 et \u00e0 l\u2019art. 13 du R\u00e8gl. UE 679\/2016 concernant l\u2019utilisation des cookies par le site vakoom.it. Il est rappel\u00e9 que le responsable du traitement est Vakoom S.r.l., dont le si\u00e8ge social est Via B. Marco Ongaro 11,&hellip;","og_url":"https:\/\/vakoom.it\/fr\/politique-en-matiere-de-cookies\/","og_site_name":"Vakoom","article_modified_time":"2025-12-10T11:25:52+00:00","og_image":[{"width":1200,"height":673,"url":"https:\/\/vakoom.it\/wp-content\/uploads\/seo-img.jpg","type":"image\/jpeg"}],"twitter_card":"summary_large_image","schema":{"@context":"https:\/\/schema.org","@graph":[{"@type":"WebPage","@id":"https:\/\/vakoom.it\/fr\/politique-en-matiere-de-cookies\/","url":"https:\/\/vakoom.it\/fr\/politique-en-matiere-de-cookies\/","name":"Politique en mati\u00e9re de Cookies | Vakoom","isPartOf":{"@id":"https:\/\/vakoom.it\/fr\/#website"},"datePublished":"2022-02-14T11:12:13+00:00","dateModified":"2025-12-10T11:25:52+00:00","breadcrumb":{"@id":"https:\/\/vakoom.it\/fr\/politique-en-matiere-de-cookies\/#breadcrumb"},"inLanguage":"fr-FR","potentialAction":[{"@type":"ReadAction","target":["https:\/\/vakoom.it\/fr\/politique-en-matiere-de-cookies\/"]}]},{"@type":"BreadcrumbList","@id":"https:\/\/vakoom.it\/fr\/politique-en-matiere-de-cookies\/#breadcrumb","itemListElement":[{"@type":"ListItem","position":1,"name":"Homepage","item":"https:\/\/vakoom.it\/fr\/"},{"@type":"ListItem","position":2,"name":"Politique en mati\u00e9re de Cookies"}]},{"@type":"WebSite","@id":"https:\/\/vakoom.it\/fr\/#website","url":"https:\/\/vakoom.it\/fr\/","name":"Vakoom","description":"Clean Different","publisher":{"@id":"https:\/\/vakoom.it\/fr\/#organization"},"alternateName":"Vakoom","potentialAction":[{"@type":"SearchAction","target":{"@type":"EntryPoint","urlTemplate":"https:\/\/vakoom.it\/fr\/?s={search_term_string}"},"query-input":{"@type":"PropertyValueSpecification","valueRequired":true,"valueName":"search_term_string"}}],"inLanguage":"fr-FR"},{"@type":"Organization","@id":"https:\/\/vakoom.it\/fr\/#organization","name":"Vakoom","alternateName":"Vakoom","url":"https:\/\/vakoom.it\/fr\/","logo":{"@type":"ImageObject","inLanguage":"fr-FR","@id":"https:\/\/vakoom.it\/fr\/#\/schema\/logo\/image\/","url":"https:\/\/vakoom.it\/wp-content\/uploads\/seo-thumb.jpg","contentUrl":"https:\/\/vakoom.it\/wp-content\/uploads\/seo-thumb.jpg","width":696,"height":696,"caption":"Vakoom"},"image":{"@id":"https:\/\/vakoom.it\/fr\/#\/schema\/logo\/image\/"}}]}},"_links":{"self":[{"href":"https:\/\/vakoom.it\/fr\/wp-json\/wp\/v2\/pages\/2824","targetHints":{"allow":["GET"]}}],"collection":[{"href":"https:\/\/vakoom.it\/fr\/wp-json\/wp\/v2\/pages"}],"about":[{"href":"https:\/\/vakoom.it\/fr\/wp-json\/wp\/v2\/types\/page"}],"author":[{"embeddable":true,"href":"https:\/\/vakoom.it\/fr\/wp-json\/wp\/v2\/users\/1"}],"replies":[{"embeddable":true,"href":"https:\/\/vakoom.it\/fr\/wp-json\/wp\/v2\/comments?post=2824"}],"version-history":[{"count":1,"href":"https:\/\/vakoom.it\/fr\/wp-json\/wp\/v2\/pages\/2824\/revisions"}],"predecessor-version":[{"id":2876,"href":"https:\/\/vakoom.it\/fr\/wp-json\/wp\/v2\/pages\/2824\/revisions\/2876"}],"wp:attachment":[{"href":"https:\/\/vakoom.it\/fr\/wp-json\/wp\/v2\/media?parent=2824"}],"curies":[{"name":"wp","href":"https:\/\/api.w.org\/{rel}","templated":true}]}}