{"id":2823,"date":"2021-11-03T10:24:24","date_gmt":"2021-11-03T09:24:24","guid":{"rendered":"https:\/\/vakoom.it\/politique-de-confidentialite\/"},"modified":"2025-12-11T10:32:49","modified_gmt":"2025-12-11T09:32:49","slug":"politique-de-confidentialite","status":"publish","type":"page","link":"https:\/\/vakoom.it\/fr\/politique-de-confidentialite\/","title":{"rendered":"Politique de confidentialit\u00e9"},"content":{"rendered":"<div class=\"wpb-content-wrapper\"><p>[vc_row][vc_column][vc_column_text css=\u00a0\u00bb\u00a0\u00bb]<\/p>\r\n<p>Vakoom s.r.l. (ci-apr\u00e8s \u00ab Vakoom \u00bb), soci\u00e9t\u00e9 de droit italien dont le si\u00e8ge social est situ\u00e9 Via B. Marco Ongaro 11, 31015 \u2013 Conegliano (TV), Italie, en conformit\u00e9 avec les obligations d\u00e9coulant du R\u00e8glement (UE) 2016\/679 du Parlement europ\u00e9en et du Conseil du 27 avril 2016 (R\u00e8glement g\u00e9n\u00e9ral sur la protection des donn\u00e9es, ci-apr\u00e8s \u00ab RGPD \u00bb) et de la l\u00e9gislation italienne en mati\u00e8re de protection des donn\u00e9es, fournit la pr\u00e9sente notice afin de faire conna\u00eetre les finalit\u00e9s et les modalit\u00e9s de traitement des donn\u00e9es personnelles que l\u2019utilisateur pourrait communiquer lors de la navigation sur le site web <a href=\"\/\">vakoom.it<\/a> (ci-apr\u00e8s le \u00ab Site \u00bb).<\/p>\r\n<p>L\u2019objectif de cette politique de confidentialit\u00e9 est d\u2019aider les utilisateurs \u00e0 comprendre les proc\u00e9dures que Vakoom applique en mati\u00e8re de confidentialit\u00e9, notamment quelles donn\u00e9es personnelles sont collect\u00e9es, pourquoi elles sont collect\u00e9es, comment elles sont utilis\u00e9es, comment elles sont prot\u00e9g\u00e9es et quels sont les droits individuels des utilisateurs.<\/p>\r\n<p>La pr\u00e9sente politique de confidentialit\u00e9 ne s\u2019applique pas et exclut notre responsabilit\u00e9 en ce qui concerne la confidentialit\u00e9, les informations ou autres pratiques de tiers, y compris les tiers qui g\u00e8rent des sites Web ou des services vers lesquels le site <a href=\"\/\">vakoom.it<\/a> renvoie.<\/p>\r\n<p>Cette politique de confidentialit\u00e9 s\u2019applique \u00e0 toutes les donn\u00e9es personnelles que Vakoom acquiert ou traite lorsque les utilisateurs interagissent avec le site <a href=\"\/\">vakoom.it<\/a>.<\/p>\r\n<p>Ces interactions peuvent concerner des visiteurs, des clients, des fournisseurs et\/ou des partenaires.<\/p>\r\n<p>&nbsp;<\/p>\r\n<p><strong>I. INFORMATIONS G\u00c9N\u00c9RALES SUR LE TRAITEMENT DES DONN\u00c9ES<\/strong><\/p>\r\n<p>Dans la pr\u00e9sente politique de confidentialit\u00e9, le terme \u00ab donn\u00e9es personnelles \u00bb d\u00e9signe les informations qui se rapportent aux utilisateurs et nous permettent de les identifier, directement ou en combinaison avec d\u2019autres informations en notre possession. L\u2019utilisateur peut refuser de consentir \u00e0 la collecte de ces donn\u00e9es et peut retirer \u00e0 tout moment un consentement d\u00e9j\u00e0 donn\u00e9. Toutefois, le refus de consentement peut entra\u00eener l\u2019impossibilit\u00e9 de fournir certains services et l\u2019exp\u00e9rience de navigation sur le site pourrait s\u2019en trouver compromise.<\/p>\r\n<p>&nbsp;<\/p>\r\n<p><strong>II. QUELS TYPES DE DONN\u00c9ES NOUS COLLECTONS ET POURQUOI <\/strong><\/p>\r\n<ul>\r\n<li><strong>Informations que les utilisateurs nous fournissent.<\/strong><\/li>\r\n<li><strong>Formulaires de contact<\/strong><u><\/u><em><u><br \/><\/u><\/em>Vakoom collecte les donn\u00e9es des utilisateurs via le formulaire de contact pr\u00e9sent sur ce site, en enregistrant les informations relatives au type de demande, \u00e0 la date et \u00e0 l\u2019heure d\u2019envoi, \u00e0 l\u2019adresse IP et au type de navigateur utilis\u00e9. En particulier, Vakoom utilise le plugin Contact Form 7 pour g\u00e9rer les demandes de contact des utilisateurs. Ces informations sont envoy\u00e9es sous forme d\u2019e-mail \u00e0 une seule adresse e-mail sp\u00e9cifique g\u00e9r\u00e9e par le responsable du traitement des donn\u00e9es personnelles.<\/li>\r\n<\/ul>\r\n<ul>\r\n<li><strong>Newsletter et autres communications promotionnelles<br \/><\/strong>Sous r\u00e9serve de consentement, les donn\u00e9es des utilisateurs (adresse e-mail et num\u00e9ro de t\u00e9l\u00e9phone) peuvent \u00eatre utilis\u00e9es pour l\u2019envoi de messages promotionnels concernant des produits, services ou \u00e9v\u00e9nements li\u00e9s \u00e0 l\u2019activit\u00e9 de Vakoom.<\/li>\r\n<\/ul>\r\n<ul>\r\n<li><strong>Informations que nous collectons automatiquement.<\/strong><br \/>Les syst\u00e8mes informatiques et les proc\u00e9dures logicielles charg\u00e9s du fonctionnement de ce site acqui\u00e8rent, au cours de leur fonctionnement normal, certaines donn\u00e9es personnelles dont la transmission est implicite dans l\u2019utilisation des protocoles de communication Internet. Il s\u2019agit d\u2019informations qui ne sont pas collect\u00e9es dans le but d\u2019\u00eatre associ\u00e9es \u00e0 des personnes identifi\u00e9es, mais qui, par leur nature, pourraient, par le biais de traitements et d\u2019associations avec des donn\u00e9es d\u00e9tenues par des tiers, permettre d\u2019identifier les utilisateurs. Dans cette cat\u00e9gorie de donn\u00e9es figurent, par exemple, les adresses IP ou les noms de domaine des ordinateurs utilis\u00e9s par les utilisateurs qui se connectent au site, les adresses en notation URI (Uniform Resource Identifier) des ressources demand\u00e9es, l\u2019heure de la requ\u00eate, la m\u00e9thode utilis\u00e9e pour soumettre la requ\u00eate au serveur, la taille du fichier obtenu en r\u00e9ponse, le code num\u00e9rique indiquant l\u2019\u00e9tat de la r\u00e9ponse fournie par le serveur (succ\u00e8s, erreur, etc.) et d\u2019autres param\u00e8tres relatifs au syst\u00e8me d\u2019exploitation et \u00e0 l\u2019environnement informatique de l\u2019utilisateur. Ces donn\u00e9es sont utilis\u00e9es uniquement afin d\u2019obtenir des informations statistiques anonymes sur l\u2019utilisation du Site, pour des raisons de s\u00e9curit\u00e9 et pour en v\u00e9rifier le bon fonctionnement, puis sont supprim\u00e9es imm\u00e9diatement apr\u00e8s leur traitement.<\/li>\r\n<\/ul>\r\n<p>&nbsp;<\/p>\r\n<p><strong>III. BASE JURIDIQUE DU TRAITEMENT, NATURE DE LA FOURNITURE DES DONN\u00c9ES ET CONS\u00c9QUENCES EN CAS DE REFUS <\/strong><\/p>\r\n<p>Vakoom traitera les donn\u00e9es de l\u2019utilisateur pour faciliter la navigation et fournir les services \u00e9ventuellement demand\u00e9s via les formulaires sp\u00e9cialement pr\u00e9vus sur le site. \u00c0 l\u2019exception de ce qui est sp\u00e9cifi\u00e9 pour les donn\u00e9es de navigation et les <a href=\"https:\/\/vakoom.it\/fr\/politique-en-matiere-de-cookies\/\">cookies techniques<\/a>, dans la section du site pr\u00e9vue pour les demandes de contact\/informations \u00e0 Vakoom, l\u2019utilisateur est libre de fournir ses donn\u00e9es personnelles, mais leur non-fourniture peut entra\u00eener l\u2019impossibilit\u00e9 d\u2019obtenir le service demand\u00e9.<\/p>\r\n<p>L\u2019envoi de la newsletter et d\u2019autres messages promotionnels aura lieu uniquement avec le consentement de l\u2019int\u00e9ress\u00e9. La communication des donn\u00e9es personnelles par l\u2019utilisateur est facultative, mais en cas de non-fourniture, Vakoom ne pourra pas envoyer sa newsletter ni d\u2019autres messages promotionnels.<\/p>\r\n<p>&nbsp;<\/p>\r\n<p><strong>IV. LIEU DU TRAITEMENT <\/strong><\/p>\r\n<p>Les donn\u00e9es collect\u00e9es sur le site sont trait\u00e9es au si\u00e8ge du Responsable du traitement et au centre de donn\u00e9es de l\u2019h\u00e9bergeur web.<\/p>\r\n<p>&nbsp;<\/p>\r\n<p><strong>V. CHAMP DE COMMUNICATION DES DONN\u00c9ES ET CAT\u00c9GORIES DE DESTINATAIRES<\/strong><\/p>\r\n<p>Exclusivement aux fins susmentionn\u00e9es, toutes les donn\u00e9es collect\u00e9es peuvent \u00eatre communiqu\u00e9es \u00e0 des personnes internes autoris\u00e9es au traitement en raison de leurs fonctions, ainsi qu\u2019\u00e0 des tiers auxquels il serait n\u00e9cessaire de communiquer les donn\u00e9es. Ces destinataires, si eux-m\u00eames doivent traiter des donn\u00e9es pour le compte de Vakoom, seront d\u00e9sign\u00e9s en tant que sous-traitants par contrat sp\u00e9cifique ou autre acte juridique.<\/p>\r\n<p>&nbsp;<\/p>\r\n<p><strong>VI. MESURES DE S\u00c9CURIT\u00c9 <\/strong><\/p>\r\n<p>Le pr\u00e9sent site traite les donn\u00e9es des utilisateurs de mani\u00e8re licite et correcte, en adoptant les mesures de s\u00e9curit\u00e9 appropri\u00e9es visant \u00e0 emp\u00eacher les acc\u00e8s non autoris\u00e9s, la divulgation, la modification ou la destruction non autoris\u00e9e des donn\u00e9es. Le traitement est effectu\u00e9 au moyen d\u2019outils informatiques et\/ou t\u00e9l\u00e9matiques, en utilisant des mesures organisationnelles, techniques et administratives ad\u00e9quates afin de prot\u00e9ger les donn\u00e9es personnelles au sein de notre entreprise, et selon des logiques strictement li\u00e9es aux finalit\u00e9s indiqu\u00e9es. Toutefois, aucune transmission de donn\u00e9es ni aucun syst\u00e8me de stockage ne peuvent \u00eatre garantis comme \u00e9tant s\u00fbrs \u00e0 100 %. Les utilisateurs qui estiment que leur interaction avec nous n\u2019est plus s\u00e9curis\u00e9e sont pri\u00e9s de nous signaler imm\u00e9diatement le probl\u00e8me. Outre le Responsable du traitement, peuvent, dans certains cas, avoir acc\u00e8s aux donn\u00e9es des cat\u00e9gories de personnes charg\u00e9es de l\u2019organisation du site (personnel administratif, commercial ou administrateurs syst\u00e8me) ou des tiers (tels que prestataires de services techniques, coursiers postaux, h\u00e9bergeurs, soci\u00e9t\u00e9s informatiques, agences de communication).<\/p>\r\n<p>&nbsp;<\/p>\r\n<p><strong>VII. DUR\u00c9E DE CONSERVATION DES DONN\u00c9ES <\/strong><\/p>\r\n<p>Les donn\u00e9es personnelles des utilisateurs seront conserv\u00e9es pendant la dur\u00e9e n\u00e9cessaire ou permise au regard des finalit\u00e9s pour lesquelles elles sont collect\u00e9es et, \u00e0 l\u2019issue de cette dur\u00e9e, pendant les d\u00e9lais \u00e9ventuellement fix\u00e9s par la r\u00e9glementation en vigueur.<\/p>\r\n<p>Pour les finalit\u00e9s vis\u00e9es notamment \u00e0 la clause II, point 1), les donn\u00e9es personnelles seront conserv\u00e9es le temps n\u00e9cessaire au traitement visant \u00e0 r\u00e9pondre aux demandes de l\u2019int\u00e9ress\u00e9.<\/p>\r\n<p>En ce qui concerne le traitement des donn\u00e9es pour l\u2019envoi de newsletters et autres communications promotionnelles, les donn\u00e9es seront conserv\u00e9es jusqu\u2019\u00e0 la demande de l\u2019int\u00e9ress\u00e9 de s\u2019opposer \u00e0 la r\u00e9ception et de se d\u00e9sinscrire du service, et en tout \u00e9tat de cause pendant une p\u00e9riode de 24 mois, sauf en cas de contacts ult\u00e9rieurs et\/ou de demandes dans cet intervalle.<\/p>\r\n<p>&nbsp;<\/p>\r\n<p><strong>VIII. TRANSFERT DE DONN\u00c9ES VERS UN PAYS TIERS ET\/OU UNE ORGANISATION INTERNATIONALE <\/strong><\/p>\r\n<p>Les donn\u00e9es personnelles des utilisateurs seront trait\u00e9es au sein de l\u2019Union europ\u00e9enne ; toutefois, en cas de transfert de donn\u00e9es en dehors de l\u2019Union europ\u00e9enne, en l\u2019absence d\u2019une d\u00e9cision d\u2019ad\u00e9quation de la Commission, les prescriptions pr\u00e9vues par la r\u00e9glementation applicable en mati\u00e8re de transferts de donn\u00e9es personnelles vers des pays tiers non membres de l\u2019Union europ\u00e9enne seront respect\u00e9es.<\/p>\r\n<p>&nbsp;<\/p>\r\n<p><strong>IX. DROITS DE L\u2019UTILISATEUR <\/strong><\/p>\r\n<p>\u00c0 tout moment, l\u2019utilisateur peut acc\u00e9der \u00e0 ses donn\u00e9es personnelles afin d\u2019en v\u00e9rifier l\u2019exactitude, en demander la correction, la suppression et, de mani\u00e8re g\u00e9n\u00e9rale, exercer tous les droits qui lui sont express\u00e9ment reconnus par la r\u00e9glementation applicable en mati\u00e8re de protection des donn\u00e9es personnelles.<\/p>\r\n<p>En d\u00e9tail, conform\u00e9ment aux art. 15 \u00e0 22 du RGPD, l\u2019utilisateur a le droit de retirer le consentement donn\u00e9 (lorsqu\u2019il constitue la base juridique du traitement) \u00e0 tout moment, de s\u2019opposer au traitement de ses donn\u00e9es, d\u2019acc\u00e9der \u00e0 ses donn\u00e9es personnelles, de v\u00e9rifier et demander la rectification, d\u2019obtenir la limitation du traitement, d\u2019obtenir l\u2019effacement ou la suppression de ses donn\u00e9es personnelles, de recevoir ses donn\u00e9es ou de les faire transf\u00e9rer \u00e0 un autre responsable.<\/p>\r\n<p>L\u2019utilisateur peut \u00e9galement introduire une r\u00e9clamation aupr\u00e8s de l\u2019autorit\u00e9 de contr\u00f4le comp\u00e9tente en mati\u00e8re de protection des donn\u00e9es personnelles ou agir en justice.<\/p>\r\n<p>Les demandes doivent \u00eatre adress\u00e9es au Responsable du traitement. En particulier, l\u2019utilisateur peut exercer ses droits relatifs au traitement de ses donn\u00e9es personnelles en contactant le Responsable du traitement \u00e0 l\u2019adresse indiqu\u00e9e ci-dessous. Nous r\u00e9pondrons \u00e0 la demande conform\u00e9ment aux lois en vigueur. Les utilisateurs sont invit\u00e9s \u00e0 indiquer dans leur demande quelles donn\u00e9es personnelles ils souhaitent faire modifier, \u00e0 nous signaler s\u2019ils pr\u00e9f\u00e8rent que ces donn\u00e9es soient supprim\u00e9es de notre base de donn\u00e9es, ou \u00e0 pr\u00e9ciser quelles limitations ils souhaitent imposer \u00e0 notre utilisation de leurs donn\u00e9es personnelles.<\/p>\r\n<p>En particulier, si l\u2019int\u00e9ress\u00e9 ne souhaite plus recevoir de communications commerciales de la part de Vakoom, il a le droit, \u00e0 tout moment, de s\u2019opposer \u00e0 ce traitement en envoyant sa demande \u00e0 l\u2019adresse indiqu\u00e9e ci-dessous ou en cliquant sur le lien appropri\u00e9 dans chaque e-mail \u00e0 contenu publicitaire pour demander la d\u00e9sactivation du service.<\/p>\r\n<p>&nbsp;<\/p>\r\n<p><strong>X. RESPONSABLE DU TRAITEMENT<\/strong><\/p>\r\n<p>Le responsable du traitement au sens du RGPD et des autres lois italiennes sur la protection des donn\u00e9es, ainsi que des autres dispositions en la mati\u00e8re, est :<\/p>\r\n<p>Stefano Cappellotto, Via B.Marco Ongaro 11, 31015 \u2013 Conegliano (TV), Italia.<\/p>\r\n<p>Contact : info@vakoom.it<\/p>\r\n<p>&nbsp;<\/p>\r\n<p><strong>XI. MISES \u00c0 JOUR <\/strong><\/p>\r\n<p><strong>La pr\u00e9sente politique de confidentialit\u00e9 a \u00e9t\u00e9 mise \u00e0 jour le 14 f\u00e9vrier 2021.<\/strong><\/p>\r\n\r\n<p>&nbsp;<\/p>\r\n<p>[\/vc_column_text][\/vc_column][\/vc_row]<\/p><!-- \/wp:post-content --><\/div>","protected":false},"excerpt":{"rendered":"<p>[vc_row][vc_column][vc_column_text css=\u00a0\u00bb\u00a0\u00bb] Vakoom s.r.l. (ci-apr\u00e8s \u00ab Vakoom \u00bb), soci\u00e9t\u00e9 de droit italien dont le si\u00e8ge social est situ\u00e9 Via B. Marco Ongaro 11, 31015 \u2013 Conegliano (TV), Italie, en conformit\u00e9 avec les obligations d\u00e9coulant du R\u00e8glement (UE) 2016\/679 du Parlement europ\u00e9en et du Conseil du 27 avril 2016 (R\u00e8glement g\u00e9n\u00e9ral sur la protection des donn\u00e9es,&hellip;<\/p>\n","protected":false},"author":1,"featured_media":0,"parent":0,"menu_order":999,"comment_status":"closed","ping_status":"closed","template":"","meta":{"_acf_changed":false,"footnotes":""},"class_list":["post-2823","page","type-page","status-publish","hentry","description-off"],"acf":[],"yoast_head":"<!-- This site is optimized with the Yoast SEO plugin v27.1.1 - https:\/\/yoast.com\/product\/yoast-seo-wordpress\/ -->\n<title>Politique de confidentialit\u00e9 | Vakoom<\/title>\n<meta name=\"robots\" content=\"noindex, nofollow\" \/>\n<meta property=\"og:locale\" content=\"fr_FR\" \/>\n<meta property=\"og:type\" content=\"article\" \/>\n<meta property=\"og:title\" content=\"Politique de confidentialit\u00e9 | Vakoom\" \/>\n<meta property=\"og:description\" content=\"[vc_row][vc_column][vc_column_text css=\u00a0\u00bb\u00a0\u00bb] Vakoom s.r.l. (ci-apr\u00e8s \u00ab Vakoom \u00bb), soci\u00e9t\u00e9 de droit italien dont le si\u00e8ge social est situ\u00e9 Via B. Marco Ongaro 11, 31015 \u2013 Conegliano (TV), Italie, en conformit\u00e9 avec les obligations d\u00e9coulant du R\u00e8glement (UE) 2016\/679 du Parlement europ\u00e9en et du Conseil du 27 avril 2016 (R\u00e8glement g\u00e9n\u00e9ral sur la protection des donn\u00e9es,&hellip;\" \/>\n<meta property=\"og:url\" content=\"https:\/\/vakoom.it\/fr\/politique-de-confidentialite\/\" \/>\n<meta property=\"og:site_name\" content=\"Vakoom\" \/>\n<meta property=\"article:modified_time\" content=\"2025-12-11T09:32:49+00:00\" \/>\n<meta property=\"og:image\" content=\"https:\/\/vakoom.it\/wp-content\/uploads\/seo-img.jpg\" \/>\n\t<meta property=\"og:image:width\" content=\"1200\" \/>\n\t<meta property=\"og:image:height\" content=\"673\" \/>\n\t<meta property=\"og:image:type\" content=\"image\/jpeg\" \/>\n<meta name=\"twitter:card\" content=\"summary_large_image\" \/>\n<script type=\"application\/ld+json\" class=\"yoast-schema-graph\">{\"@context\":\"https:\/\/schema.org\",\"@graph\":[{\"@type\":\"WebPage\",\"@id\":\"https:\/\/vakoom.it\/fr\/politique-de-confidentialite\/\",\"url\":\"https:\/\/vakoom.it\/fr\/politique-de-confidentialite\/\",\"name\":\"Politique de confidentialit\u00e9 | Vakoom\",\"isPartOf\":{\"@id\":\"https:\/\/vakoom.it\/fr\/#website\"},\"datePublished\":\"2021-11-03T09:24:24+00:00\",\"dateModified\":\"2025-12-11T09:32:49+00:00\",\"breadcrumb\":{\"@id\":\"https:\/\/vakoom.it\/fr\/politique-de-confidentialite\/#breadcrumb\"},\"inLanguage\":\"fr-FR\",\"potentialAction\":[{\"@type\":\"ReadAction\",\"target\":[\"https:\/\/vakoom.it\/fr\/politique-de-confidentialite\/\"]}]},{\"@type\":\"BreadcrumbList\",\"@id\":\"https:\/\/vakoom.it\/fr\/politique-de-confidentialite\/#breadcrumb\",\"itemListElement\":[{\"@type\":\"ListItem\",\"position\":1,\"name\":\"Homepage\",\"item\":\"https:\/\/vakoom.it\/fr\/\"},{\"@type\":\"ListItem\",\"position\":2,\"name\":\"Politique de confidentialit\u00e9\"}]},{\"@type\":\"WebSite\",\"@id\":\"https:\/\/vakoom.it\/fr\/#website\",\"url\":\"https:\/\/vakoom.it\/fr\/\",\"name\":\"Vakoom\",\"description\":\"Clean Different\",\"publisher\":{\"@id\":\"https:\/\/vakoom.it\/fr\/#organization\"},\"alternateName\":\"Vakoom\",\"potentialAction\":[{\"@type\":\"SearchAction\",\"target\":{\"@type\":\"EntryPoint\",\"urlTemplate\":\"https:\/\/vakoom.it\/fr\/?s={search_term_string}\"},\"query-input\":{\"@type\":\"PropertyValueSpecification\",\"valueRequired\":true,\"valueName\":\"search_term_string\"}}],\"inLanguage\":\"fr-FR\"},{\"@type\":\"Organization\",\"@id\":\"https:\/\/vakoom.it\/fr\/#organization\",\"name\":\"Vakoom\",\"alternateName\":\"Vakoom\",\"url\":\"https:\/\/vakoom.it\/fr\/\",\"logo\":{\"@type\":\"ImageObject\",\"inLanguage\":\"fr-FR\",\"@id\":\"https:\/\/vakoom.it\/fr\/#\/schema\/logo\/image\/\",\"url\":\"https:\/\/vakoom.it\/wp-content\/uploads\/seo-thumb.jpg\",\"contentUrl\":\"https:\/\/vakoom.it\/wp-content\/uploads\/seo-thumb.jpg\",\"width\":696,\"height\":696,\"caption\":\"Vakoom\"},\"image\":{\"@id\":\"https:\/\/vakoom.it\/fr\/#\/schema\/logo\/image\/\"}}]}<\/script>\n<!-- \/ Yoast SEO plugin. -->","yoast_head_json":{"title":"Politique de confidentialit\u00e9 | Vakoom","robots":{"index":"noindex","follow":"nofollow"},"og_locale":"fr_FR","og_type":"article","og_title":"Politique de confidentialit\u00e9 | Vakoom","og_description":"[vc_row][vc_column][vc_column_text css=\u00a0\u00bb\u00a0\u00bb] Vakoom s.r.l. (ci-apr\u00e8s \u00ab Vakoom \u00bb), soci\u00e9t\u00e9 de droit italien dont le si\u00e8ge social est situ\u00e9 Via B. Marco Ongaro 11, 31015 \u2013 Conegliano (TV), Italie, en conformit\u00e9 avec les obligations d\u00e9coulant du R\u00e8glement (UE) 2016\/679 du Parlement europ\u00e9en et du Conseil du 27 avril 2016 (R\u00e8glement g\u00e9n\u00e9ral sur la protection des donn\u00e9es,&hellip;","og_url":"https:\/\/vakoom.it\/fr\/politique-de-confidentialite\/","og_site_name":"Vakoom","article_modified_time":"2025-12-11T09:32:49+00:00","og_image":[{"width":1200,"height":673,"url":"https:\/\/vakoom.it\/wp-content\/uploads\/seo-img.jpg","type":"image\/jpeg"}],"twitter_card":"summary_large_image","schema":{"@context":"https:\/\/schema.org","@graph":[{"@type":"WebPage","@id":"https:\/\/vakoom.it\/fr\/politique-de-confidentialite\/","url":"https:\/\/vakoom.it\/fr\/politique-de-confidentialite\/","name":"Politique de confidentialit\u00e9 | Vakoom","isPartOf":{"@id":"https:\/\/vakoom.it\/fr\/#website"},"datePublished":"2021-11-03T09:24:24+00:00","dateModified":"2025-12-11T09:32:49+00:00","breadcrumb":{"@id":"https:\/\/vakoom.it\/fr\/politique-de-confidentialite\/#breadcrumb"},"inLanguage":"fr-FR","potentialAction":[{"@type":"ReadAction","target":["https:\/\/vakoom.it\/fr\/politique-de-confidentialite\/"]}]},{"@type":"BreadcrumbList","@id":"https:\/\/vakoom.it\/fr\/politique-de-confidentialite\/#breadcrumb","itemListElement":[{"@type":"ListItem","position":1,"name":"Homepage","item":"https:\/\/vakoom.it\/fr\/"},{"@type":"ListItem","position":2,"name":"Politique de confidentialit\u00e9"}]},{"@type":"WebSite","@id":"https:\/\/vakoom.it\/fr\/#website","url":"https:\/\/vakoom.it\/fr\/","name":"Vakoom","description":"Clean Different","publisher":{"@id":"https:\/\/vakoom.it\/fr\/#organization"},"alternateName":"Vakoom","potentialAction":[{"@type":"SearchAction","target":{"@type":"EntryPoint","urlTemplate":"https:\/\/vakoom.it\/fr\/?s={search_term_string}"},"query-input":{"@type":"PropertyValueSpecification","valueRequired":true,"valueName":"search_term_string"}}],"inLanguage":"fr-FR"},{"@type":"Organization","@id":"https:\/\/vakoom.it\/fr\/#organization","name":"Vakoom","alternateName":"Vakoom","url":"https:\/\/vakoom.it\/fr\/","logo":{"@type":"ImageObject","inLanguage":"fr-FR","@id":"https:\/\/vakoom.it\/fr\/#\/schema\/logo\/image\/","url":"https:\/\/vakoom.it\/wp-content\/uploads\/seo-thumb.jpg","contentUrl":"https:\/\/vakoom.it\/wp-content\/uploads\/seo-thumb.jpg","width":696,"height":696,"caption":"Vakoom"},"image":{"@id":"https:\/\/vakoom.it\/fr\/#\/schema\/logo\/image\/"}}]}},"_links":{"self":[{"href":"https:\/\/vakoom.it\/fr\/wp-json\/wp\/v2\/pages\/2823","targetHints":{"allow":["GET"]}}],"collection":[{"href":"https:\/\/vakoom.it\/fr\/wp-json\/wp\/v2\/pages"}],"about":[{"href":"https:\/\/vakoom.it\/fr\/wp-json\/wp\/v2\/types\/page"}],"author":[{"embeddable":true,"href":"https:\/\/vakoom.it\/fr\/wp-json\/wp\/v2\/users\/1"}],"replies":[{"embeddable":true,"href":"https:\/\/vakoom.it\/fr\/wp-json\/wp\/v2\/comments?post=2823"}],"version-history":[{"count":1,"href":"https:\/\/vakoom.it\/fr\/wp-json\/wp\/v2\/pages\/2823\/revisions"}],"predecessor-version":[{"id":2881,"href":"https:\/\/vakoom.it\/fr\/wp-json\/wp\/v2\/pages\/2823\/revisions\/2881"}],"wp:attachment":[{"href":"https:\/\/vakoom.it\/fr\/wp-json\/wp\/v2\/media?parent=2823"}],"curies":[{"name":"wp","href":"https:\/\/api.w.org\/{rel}","templated":true}]}}