{"id":518,"date":"2021-11-03T10:24:24","date_gmt":"2021-11-03T09:24:24","guid":{"rendered":"https:\/\/vakoom.it\/privacy-policy\/"},"modified":"2025-12-11T10:29:07","modified_gmt":"2025-12-11T09:29:07","slug":"privacy-policy","status":"publish","type":"page","link":"https:\/\/vakoom.it\/en\/privacy-policy\/","title":{"rendered":"Privacy Policy"},"content":{"rendered":"<div class=\"wpb-content-wrapper\"><p>[vc_row][vc_column][vc_column_text css=&#8221;&#8221;]<\/p>\r\n<p>Vakoom s.r.l. (di seguito \u201cVakoom\u201d), societ\u00e0 di diritto italiano con sede legale in Via B. Marco Ongaro 11, 31015 \u2013 Conegliano (TV), Italia, in ottemperanza agli obblighi derivanti dal Regolamento (UE) 2016\/679 del Parlamento Europeo e del Consiglio del 27 aprile 2016 (Regolamento generale sulla protezione dei dati, nel seguito RGPD) e della normativa italiana sulla protezione dei dati, rende la presente informativa allo scopo di far conoscere le finalit\u00e0 e le modalit\u00e0 del trattamento dei dati personali che l\u2019utente potrebbe comunicare durante la navigazione del presente sito web <a href=\"\/\">vakoom.it<\/a> (di seguito il \u201cSito\u201d).<\/p>\r\n<p>Lo scopo della presente informativa sulla privacy \u00e8 quello di aiutare gli utenti a comprendere le procedure che Vakoom utilizza in materia di privacy, inclusi quali dati personali vengono raccolti, il perch\u00e9 della raccolta degli stessi, come gli stessi vengono utilizzati, come tali dati vengono protetti e quali sono i diritti individuali degli utenti.<\/p>\r\n<p>La presente informativa sulla privacy non si applica ed esclude la nostra responsabilit\u00e0 in merito alla privacy, alle informazioni o ad altre pratiche di terze parti, incluse terze parti che gestiscono siti Web o servizi a cui il sito <a href=\"\/\">vakoom.it<\/a> rimanda.<\/p>\r\n<p>La presente informativa sulla privacy si applica a tutti i dati personali che Vakoom acquisisce o elabora quando gli utenti interagiscono con il sito <a href=\"\/\">vakoom.it<\/a><\/p>\r\n<p>Tali interazioni possono riguardare visitatori, clienti, fornitori e\/o partner.<\/p>\r\n<p>&nbsp;<\/p>\r\n<p><strong>I. INFORMAZIONI GENERALI SUL TRATTAMENTO DEI DATI<\/strong><\/p>\r\n<p>Nella presente informativa sulla privacy, con il termine \u201cdati personali\u201d si intendono le informazioni che si riferiscono agli utenti e che ci consentono di identificarli, direttamente o in combinazione con altre informazioni in nostro possesso. L\u2019utente pu\u00f2 negare il consenso alla raccolta di questi dati, e pu\u00f2 revocare in qualsiasi momento un consenso gi\u00e0 fornito. Tuttavia negare il consenso pu\u00f2 comportare l\u2019impossibilit\u00e0 di erogare alcuni servizi e l\u2019esperienza di navigazione nel sito potrebbe essere compromessa.<\/p>\r\n<p>&nbsp;<\/p>\r\n<p><strong>II. CHE TIPO DI DATI RACCOGLIAMO E PERCHE\u2019<\/strong><\/p>\r\n<ul>\r\n<li><strong>Informazioni che gli utenti ci forniscono<\/strong>.<\/li>\r\n<li><strong>Moduli di contatto<u><\/u><em><u><br \/><\/u><\/em><\/strong>Vakoom raccoglie i dati degli utenti attraverso il modulo dei contatti presente in questo sito, memorizzando le informazioni relative al tipo di richiesta, alla data ed ora di invio, l\u2019indirizzo IP e il tipo di browser utilizzato. In particolare, Vakoom utilizza il plugin Contact Form 7 per gestire le richieste di contatto da parte degli utenti. Queste informazioni vengono inviate sotto forma di e-mail ad un solo specifico indirizzo e-mail gestito da responsabile del trattamento dei dati personali.<\/li>\r\n<\/ul>\r\n<ul>\r\n<li><strong>Newsletter e altre comunicazioni promozionali<em><u><br \/><\/u><\/em><\/strong>Previo consenso, i dati degli utenti (indirizzo e-mail e numero di telefono) potrebbero essere utilizzati per l\u2019invio di messaggi promozionali su prodotti, servizi o eventi relativi all\u2019attivit\u00e0 di Vakoom.<\/li>\r\n<\/ul>\r\n<ul>\r\n<li><strong>Informazioni che raccogliamo automaticamente<\/strong>.<br \/>I sistemi informatici e le procedure software preposte al funzionamento di questo sito acquisiscono, nel corso del loro normale esercizio, alcuni dati personali la cui trasmissione \u00e8 implicita nell\u2019uso dei protocolli di comunicazione di internet. Si tratta di informazioni che non sono raccolte per essere associate a interessati identificati, ma che per loro stessa natura potrebbero, attraverso elaborazioni ed associazioni con dati detenuti da terzi, permettere di identificare gli utenti. In questa categoria di dati rientrano, ad esempio, gli indirizzi IP o i nomi a dominio dei computer utilizzati dagli utenti che si connettono al sito, gli indirizzi in notazione URI (Uniform Resource Identifier) delle risorse richieste, l\u2019orario della richiesta, il metodo utilizzato nel sottoporre la richiesta al server, la dimensione del file ottenuto in risposta, il codice numerico indicante lo stato della risposta data dal server (buon fine, errore, ecc.) ed altri parametri relativi al sistema operativo e all\u2019ambiente informatico dell\u2019utente. Questi dati vengono utilizzati al solo fine di ricavare informazioni statistiche anonime sull\u2019uso del Sito, per motivi di sicurezza e per controllarne il corretto funzionamento e vengono cancellati immediatamente dopo l\u2019elaborazione.<\/li>\r\n<\/ul>\r\n<p>&nbsp;<\/p>\r\n<p><strong>III. BASE GIURIDICA DEL TRATTAMENTO, NATURA DEL CONFERIMENTO DEI DATI E CONSEGUENZE IN CASO DI RIFIUTO <\/strong><\/p>\r\n<p>Vakoom tratter\u00e0 i dati dell\u2019utente per agevolare la navigazione e per fornire i servizi eventualmente richiesti tramite i moduli appositamente predisposti nel sito. A parte quanto specificato per i dati di navigazione e <a href=\"https:\/\/vakoom.it\/en\/cookie-policy\/\">per i cookie tecnici<\/a>, nell\u2019ambito della sezione del sito predisposta per richiesta di contatto\/informazioni a Vakoom, l\u2019utente sar\u00e0 libero di fornire i propri dati personali, ma il loro mancato conferimento pu\u00f2 comportare l\u2019impossibilit\u00e0 di ottenere il servizio richiesto.<\/p>\r\n<p>L\u2019invio della newsletter e di altri messaggi promozionali avverr\u00e0 soltanto previo consenso dell\u2019interessato. Il conferimento dei dati personali da parte dell\u2019utente \u00e8 facoltativo, ma in caso di mancato conferimento Vakoom non potr\u00e0 inviare la propria newsletter o altri messaggi promozionali.<\/p>\r\n<p>&nbsp;<\/p>\r\n<p><strong>IV. LUOGO DEL TRATTAMENTO<\/strong><\/p>\r\n<p>I dati raccolti dal sito sono trattati presso la sede del Titolare del trattamento e presso il datacenter del web hosting.<\/p>\r\n<p>&nbsp;<\/p>\r\n<p><strong>V. AMBITO DI COMUNICAZIONE DEI DATI E CATEGORIE DI DESTINATARI<\/strong><\/p>\r\n<p>Esclusivamente per le finalit\u00e0 sopra specificate, tutti i dati raccolti potranno essere comunicati a figure interne autorizzate al trattamento in ragione delle rispettive mansioni, nonch\u00e9 a soggetti esterni a cui si rendesse necessario comunicare i dati. Tali destinatari, ove dovessero trattare dati per conto della Vakoom, saranno designati come responsabili del trattamento con apposito contratto od altro atto giuridico.<\/p>\r\n<p>&nbsp;<\/p>\r\n<p><strong>VI. MISURE DI SICUREZZA<\/strong><\/p>\r\n<p>Il presente sito tratta i dati degli utenti in maniera lecita e corretta, adottando le opportune misure di sicurezza volte ad impedire accessi non autorizzati, divulgazione, modifica o distruzione non autorizzata di dati. Il trattamento viene effettuato mediante strumenti informatici e\/o telematici, utilizzando misure adeguate a livello organizzativo, tecnico e amministrativo al fine di tutelare i dati personali all\u2019interno della nostra azienda, e con logiche strettamente correlate alle finalit\u00e0 indicate. Tuttavia, nessuna trasmissione di dati e nessun sistema di archiviazione possono essere garantiti come sicuri al 100%. Gli utenti che hanno motivo di ritenere che l\u2019interazione con noi non sia pi\u00f9 sicura, sono pregati di segnalarci immediatamente il problema. Oltre al Titolare, in alcuni casi, potrebbero avere accesso ai dati categorie di incaricati coinvolti nell\u2019organizzazione del sito (personale amministrativo, commerciale, o amministratori di sistema) ovvero soggetti esterni (come fornitori di servizi tecnici terzi, corrieri postali, hosting provider, societ\u00e0 informatiche, agenzie di comunicazione).<\/p>\r\n<p>&nbsp;<\/p>\r\n<p><strong>VII. PERIODO DI CONSERVAZIONE DEI DATI<\/strong><\/p>\r\n<p>I dati personali degli utenti saranno conservati per il tempo necessario o consentito alla luce delle finalit\u00e0 per cui vengono raccolti nonch\u00e9, terminato quest\u2019ultimo, per i tempi eventualmente stabiliti dalle norme vigenti.<\/p>\r\n<p>Per le finalit\u00e0, in particolare, di cui alla clausola II, punti 1), i dati personali verranno conservati per il tempo necessario per procedere al trattamento ai fini dell\u2019evasione delle richieste dell\u2019interessato.<\/p>\r\n<p>Con riferimento, invece, al trattamento dei dati per l\u2019invio di newsletter ed altre comunicazioni promozionali, i dati verranno conservati fino alla richiesta dell\u2019interessato di eventuale opposizione al ricevimento e di cancellazione dal servizio, e comunque per un periodo di 24 mesi, fatta salva l\u2019ipotesi di ulteriori contatti da parte sua e\/o sue richieste che dovessero avvenire in tale arco di tempo.<\/p>\r\n<p>&nbsp;<\/p>\r\n<p><strong>VIII. TRASFERIMENTO DATI VERSO UN PAESE TERZO E\/O UN\u2019ORGANIZZAZIONE INTERNAZIONALE<\/strong><\/p>\r\n<p>I dati personali degli utenti saranno trattati all\u2019interno dell\u2019Unione Europea, ma in caso di trasferimento di dati al di fuori del territorio dell\u2019Unione Europea, in assenza di una decisione di adeguatezza della Commissione, saranno comunque rispettate le prescrizioni previste dalla normativa applicabile in materia di trasferimenti di dati personali verso Paesi Terzi non appartenenti all\u2019Unione Europea.<\/p>\r\n<p>&nbsp;<\/p>\r\n<p><strong>IX. I DIRITTI DELL\u2019UTENTE<\/strong><\/p>\r\n<p>In qualsiasi momento l\u2019utente potr\u00e0 accedere ai dati personali al fine di verificarne la correttezza, chiederne la correzione, l\u2019eliminazione e, in generale, esercitare tutti i diritti che gli sono espressamente riconosciuti ai sensi della normativa applicabile in materia di protezione dei dati personali.<\/p>\r\n<p>Nel dettaglio, ai sensi degli art. 15-22 dell\u2019RGPD, l\u2019utente ha diritto di revocare il consenso dato (ove costituisce la base giuridica del trattamento) in ogni momento, opporsi al trattamento dei propri dati, accedere ai propri dati personali, verificare e chiedere la rettificazione, ottenere la limitazione del trattamento, ottenere la cancellazione o la rimozione dei propri dati personali, ricevere i propri dati o farli trasferire ad altro titolare.<\/p>\r\n<p>L\u2019utente pu\u00f2 anche proporre reclamo all\u2019autorit\u00e0 di controllo della protezione dei dati personali competente o agire in sede giudiziale.<\/p>\r\n<p>Le richieste vanno rivolte al Titolare del trattamento. In particolare, l\u2019utente pu\u00f2 esercitare i propri diritti in relazione al trattamento dei propri dati personali contattando il Titolare del trattamento all\u2019indirizzo sotto indicato. Risponderemo alla richiesta conformemente a quanto previsto dalle leggi vigenti. Si invitano gli utenti a indicare nella loro richiesta quali dati personali desiderano che vengano modificati, a comunicarci se preferiscono che tali dati vengano eliminati dal nostro database o a specificare quali limitazioni desiderano porre all\u2019utilizzo da parte nostra dei loro dati personali.<\/p>\r\n<p>In particolar modo, qualora l\u2019interessato non intendesse pi\u00f9 ricevere comunicazioni commerciali da Vakoom, in qualsiasi momento ha il diritto di opporsi a tale trattamento inoltrando la sua richiesta all\u2019indirizzo sotto indicato oppure cliccando l\u2019apposito link all\u2019interno di ciascuna e-mail a contenuto pubblicitario per chiedere la disattivazione del servizio.<\/p>\r\n<p>&nbsp;<\/p>\r\n<p><strong>X. TITOLARE DEL TRATTAMENTO<\/strong><\/p>\r\n<p>Titolare del trattamento ai sensi del RGPD e delle altre leggi italiane sulla protezione dei dati, nonch\u00e9 delle altre disposizioni in materia di protezione dei dati \u00e8:<\/p>\r\n<p>Stefano Cappellotto, Via B.Marco Ongaro 11, 31015 \u2013 Conegliano (TV), Italia.<\/p>\r\n<p>Contattabile al seguente indirizzo email: info@vakoom.it<\/p>\r\n<p>&nbsp;<\/p>\r\n<p><strong>XI. AGGIORNAMENTI<\/strong><\/p>\r\n<p><strong>La presente privacy policy \u00e8 aggiornata al 14 Febbraio 2021.<\/strong><\/p>\r\n\r\n<p>&nbsp;<\/p>\r\n<p>[\/vc_column_text][\/vc_column][\/vc_row]<\/p><!-- \/wp:post-content --><\/div>","protected":false},"excerpt":{"rendered":"<p>[vc_row][vc_column][vc_column_text css=&#8221;&#8221;] Vakoom s.r.l. (di seguito \u201cVakoom\u201d), societ\u00e0 di diritto italiano con sede legale in Via B. Marco Ongaro 11, 31015 \u2013 Conegliano (TV), Italia, in ottemperanza agli obblighi derivanti dal Regolamento (UE) 2016\/679 del Parlamento Europeo e del Consiglio del 27 aprile 2016 (Regolamento generale sulla protezione dei dati, nel seguito RGPD) e della&hellip;<\/p>\n","protected":false},"author":1,"featured_media":0,"parent":0,"menu_order":999,"comment_status":"closed","ping_status":"closed","template":"","meta":{"_acf_changed":false,"footnotes":""},"class_list":["post-518","page","type-page","status-publish","hentry","description-off"],"acf":[],"yoast_head":"<!-- This site is optimized with the Yoast SEO plugin v27.4 - https:\/\/yoast.com\/product\/yoast-seo-wordpress\/ -->\n<title>Privacy Policy | Vakoom<\/title>\n<meta name=\"robots\" content=\"noindex, nofollow\" \/>\n<meta property=\"og:locale\" content=\"en_US\" \/>\n<meta property=\"og:type\" content=\"article\" \/>\n<meta property=\"og:title\" content=\"Privacy Policy | Vakoom\" \/>\n<meta property=\"og:description\" content=\"[vc_row][vc_column][vc_column_text css=&#8221;&#8221;] Vakoom s.r.l. (di seguito \u201cVakoom\u201d), societ\u00e0 di diritto italiano con sede legale in Via B. Marco Ongaro 11, 31015 \u2013 Conegliano (TV), Italia, in ottemperanza agli obblighi derivanti dal Regolamento (UE) 2016\/679 del Parlamento Europeo e del Consiglio del 27 aprile 2016 (Regolamento generale sulla protezione dei dati, nel seguito RGPD) e della&hellip;\" \/>\n<meta property=\"og:url\" content=\"https:\/\/vakoom.it\/en\/privacy-policy\/\" \/>\n<meta property=\"og:site_name\" content=\"Vakoom\" \/>\n<meta property=\"article:modified_time\" content=\"2025-12-11T09:29:07+00:00\" \/>\n<meta property=\"og:image\" content=\"https:\/\/vakoom.it\/wp-content\/uploads\/seo-img.jpg\" \/>\n\t<meta property=\"og:image:width\" content=\"1200\" \/>\n\t<meta property=\"og:image:height\" content=\"673\" \/>\n\t<meta property=\"og:image:type\" content=\"image\/jpeg\" \/>\n<meta name=\"twitter:card\" content=\"summary_large_image\" \/>\n<script type=\"application\/ld+json\" class=\"yoast-schema-graph\">{\"@context\":\"https:\\\/\\\/schema.org\",\"@graph\":[{\"@type\":\"WebPage\",\"@id\":\"https:\\\/\\\/vakoom.it\\\/en\\\/privacy-policy\\\/\",\"url\":\"https:\\\/\\\/vakoom.it\\\/en\\\/privacy-policy\\\/\",\"name\":\"Privacy Policy | Vakoom\",\"isPartOf\":{\"@id\":\"https:\\\/\\\/vakoom.it\\\/en\\\/#website\"},\"datePublished\":\"2021-11-03T09:24:24+00:00\",\"dateModified\":\"2025-12-11T09:29:07+00:00\",\"breadcrumb\":{\"@id\":\"https:\\\/\\\/vakoom.it\\\/en\\\/privacy-policy\\\/#breadcrumb\"},\"inLanguage\":\"en-US\",\"potentialAction\":[{\"@type\":\"ReadAction\",\"target\":[\"https:\\\/\\\/vakoom.it\\\/en\\\/privacy-policy\\\/\"]}]},{\"@type\":\"BreadcrumbList\",\"@id\":\"https:\\\/\\\/vakoom.it\\\/en\\\/privacy-policy\\\/#breadcrumb\",\"itemListElement\":[{\"@type\":\"ListItem\",\"position\":1,\"name\":\"Homepage\",\"item\":\"https:\\\/\\\/vakoom.it\\\/en\\\/\"},{\"@type\":\"ListItem\",\"position\":2,\"name\":\"Privacy Policy\"}]},{\"@type\":\"WebSite\",\"@id\":\"https:\\\/\\\/vakoom.it\\\/en\\\/#website\",\"url\":\"https:\\\/\\\/vakoom.it\\\/en\\\/\",\"name\":\"Vakoom\",\"description\":\"Clean Different\",\"publisher\":{\"@id\":\"https:\\\/\\\/vakoom.it\\\/en\\\/#organization\"},\"alternateName\":\"Vakoom\",\"potentialAction\":[{\"@type\":\"SearchAction\",\"target\":{\"@type\":\"EntryPoint\",\"urlTemplate\":\"https:\\\/\\\/vakoom.it\\\/en\\\/?s={search_term_string}\"},\"query-input\":{\"@type\":\"PropertyValueSpecification\",\"valueRequired\":true,\"valueName\":\"search_term_string\"}}],\"inLanguage\":\"en-US\"},{\"@type\":\"Organization\",\"@id\":\"https:\\\/\\\/vakoom.it\\\/en\\\/#organization\",\"name\":\"Vakoom\",\"alternateName\":\"Vakoom\",\"url\":\"https:\\\/\\\/vakoom.it\\\/en\\\/\",\"logo\":{\"@type\":\"ImageObject\",\"inLanguage\":\"en-US\",\"@id\":\"https:\\\/\\\/vakoom.it\\\/en\\\/#\\\/schema\\\/logo\\\/image\\\/\",\"url\":\"https:\\\/\\\/vakoom.it\\\/wp-content\\\/uploads\\\/seo-thumb.jpg\",\"contentUrl\":\"https:\\\/\\\/vakoom.it\\\/wp-content\\\/uploads\\\/seo-thumb.jpg\",\"width\":696,\"height\":696,\"caption\":\"Vakoom\"},\"image\":{\"@id\":\"https:\\\/\\\/vakoom.it\\\/en\\\/#\\\/schema\\\/logo\\\/image\\\/\"}}]}<\/script>\n<!-- \/ Yoast SEO plugin. -->","yoast_head_json":{"title":"Privacy Policy | Vakoom","robots":{"index":"noindex","follow":"nofollow"},"og_locale":"en_US","og_type":"article","og_title":"Privacy Policy | Vakoom","og_description":"[vc_row][vc_column][vc_column_text css=&#8221;&#8221;] Vakoom s.r.l. (di seguito \u201cVakoom\u201d), societ\u00e0 di diritto italiano con sede legale in Via B. Marco Ongaro 11, 31015 \u2013 Conegliano (TV), Italia, in ottemperanza agli obblighi derivanti dal Regolamento (UE) 2016\/679 del Parlamento Europeo e del Consiglio del 27 aprile 2016 (Regolamento generale sulla protezione dei dati, nel seguito RGPD) e della&hellip;","og_url":"https:\/\/vakoom.it\/en\/privacy-policy\/","og_site_name":"Vakoom","article_modified_time":"2025-12-11T09:29:07+00:00","og_image":[{"width":1200,"height":673,"url":"https:\/\/vakoom.it\/wp-content\/uploads\/seo-img.jpg","type":"image\/jpeg"}],"twitter_card":"summary_large_image","schema":{"@context":"https:\/\/schema.org","@graph":[{"@type":"WebPage","@id":"https:\/\/vakoom.it\/en\/privacy-policy\/","url":"https:\/\/vakoom.it\/en\/privacy-policy\/","name":"Privacy Policy | Vakoom","isPartOf":{"@id":"https:\/\/vakoom.it\/en\/#website"},"datePublished":"2021-11-03T09:24:24+00:00","dateModified":"2025-12-11T09:29:07+00:00","breadcrumb":{"@id":"https:\/\/vakoom.it\/en\/privacy-policy\/#breadcrumb"},"inLanguage":"en-US","potentialAction":[{"@type":"ReadAction","target":["https:\/\/vakoom.it\/en\/privacy-policy\/"]}]},{"@type":"BreadcrumbList","@id":"https:\/\/vakoom.it\/en\/privacy-policy\/#breadcrumb","itemListElement":[{"@type":"ListItem","position":1,"name":"Homepage","item":"https:\/\/vakoom.it\/en\/"},{"@type":"ListItem","position":2,"name":"Privacy Policy"}]},{"@type":"WebSite","@id":"https:\/\/vakoom.it\/en\/#website","url":"https:\/\/vakoom.it\/en\/","name":"Vakoom","description":"Clean Different","publisher":{"@id":"https:\/\/vakoom.it\/en\/#organization"},"alternateName":"Vakoom","potentialAction":[{"@type":"SearchAction","target":{"@type":"EntryPoint","urlTemplate":"https:\/\/vakoom.it\/en\/?s={search_term_string}"},"query-input":{"@type":"PropertyValueSpecification","valueRequired":true,"valueName":"search_term_string"}}],"inLanguage":"en-US"},{"@type":"Organization","@id":"https:\/\/vakoom.it\/en\/#organization","name":"Vakoom","alternateName":"Vakoom","url":"https:\/\/vakoom.it\/en\/","logo":{"@type":"ImageObject","inLanguage":"en-US","@id":"https:\/\/vakoom.it\/en\/#\/schema\/logo\/image\/","url":"https:\/\/vakoom.it\/wp-content\/uploads\/seo-thumb.jpg","contentUrl":"https:\/\/vakoom.it\/wp-content\/uploads\/seo-thumb.jpg","width":696,"height":696,"caption":"Vakoom"},"image":{"@id":"https:\/\/vakoom.it\/en\/#\/schema\/logo\/image\/"}}]}},"_links":{"self":[{"href":"https:\/\/vakoom.it\/en\/wp-json\/wp\/v2\/pages\/518","targetHints":{"allow":["GET"]}}],"collection":[{"href":"https:\/\/vakoom.it\/en\/wp-json\/wp\/v2\/pages"}],"about":[{"href":"https:\/\/vakoom.it\/en\/wp-json\/wp\/v2\/types\/page"}],"author":[{"embeddable":true,"href":"https:\/\/vakoom.it\/en\/wp-json\/wp\/v2\/users\/1"}],"replies":[{"embeddable":true,"href":"https:\/\/vakoom.it\/en\/wp-json\/wp\/v2\/comments?post=518"}],"version-history":[{"count":1,"href":"https:\/\/vakoom.it\/en\/wp-json\/wp\/v2\/pages\/518\/revisions"}],"predecessor-version":[{"id":2879,"href":"https:\/\/vakoom.it\/en\/wp-json\/wp\/v2\/pages\/518\/revisions\/2879"}],"wp:attachment":[{"href":"https:\/\/vakoom.it\/en\/wp-json\/wp\/v2\/media?parent=518"}],"curies":[{"name":"wp","href":"https:\/\/api.w.org\/{rel}","templated":true}]}}